{"id":1216,"date":"2025-01-07T17:31:27","date_gmt":"2025-01-07T16:31:27","guid":{"rendered":"http:\/\/gjpjatn.cluster028.hosting.ovh.net\/?post_type=product&#038;p=1216"},"modified":"2025-04-18T11:20:25","modified_gmt":"2025-04-18T09:20:25","slug":"certificat-restreint-de-radiotelephoniste-crr","status":"publish","type":"product","link":"https:\/\/www.aquasports.fr\/index.php\/produit\/certificat-restreint-de-radiotelephoniste-crr\/","title":{"rendered":"Certificat restreint de radiot\u00e9l\u00e9phonie (CRR)"},"content":{"rendered":"<p>Vente d&rsquo;un e-learning : nous consulter en direct par t\u00e9l\u00e9phone au 0387626385 ou par e-mail \u00e0 aquasports@aquasports.fr<\/p>\n<p>&nbsp;<\/p>\n","protected":false},"excerpt":{"rendered":"<p>Vente d&rsquo;un e-learning : nous consulter en direct par t\u00e9l\u00e9phone au 0387626385 ou par e-mail \u00e0 aquasports@aquasports.fr &nbsp;<\/p>\n","protected":false},"featured_media":1217,"template":"","meta":[],"product_brand":[],"product_cat":[62],"product_tag":[],"class_list":{"0":"post-1216","1":"product","2":"type-product","3":"status-publish","4":"has-post-thumbnail","6":"product_cat-certificat","8":"first","9":"instock","10":"taxable","11":"shipping-taxable","12":"purchasable","13":"product-type-simple"},"_links":{"self":[{"href":"https:\/\/www.aquasports.fr\/index.php\/wp-json\/wp\/v2\/product\/1216","targetHints":{"allow":["GET"]}}],"collection":[{"href":"https:\/\/www.aquasports.fr\/index.php\/wp-json\/wp\/v2\/product"}],"about":[{"href":"https:\/\/www.aquasports.fr\/index.php\/wp-json\/wp\/v2\/types\/product"}],"wp:featuredmedia":[{"embeddable":true,"href":"https:\/\/www.aquasports.fr\/index.php\/wp-json\/wp\/v2\/media\/1217"}],"wp:attachment":[{"href":"https:\/\/www.aquasports.fr\/index.php\/wp-json\/wp\/v2\/media?parent=1216"}],"wp:term":[{"taxonomy":"product_brand","embeddable":true,"href":"https:\/\/www.aquasports.fr\/index.php\/wp-json\/wp\/v2\/product_brand?post=1216"},{"taxonomy":"product_cat","embeddable":true,"href":"https:\/\/www.aquasports.fr\/index.php\/wp-json\/wp\/v2\/product_cat?post=1216"},{"taxonomy":"product_tag","embeddable":true,"href":"https:\/\/www.aquasports.fr\/index.php\/wp-json\/wp\/v2\/product_tag?post=1216"}],"curies":[{"name":"wp","href":"https:\/\/api.w.org\/{rel}","templated":true}]}}