{"id":1447,"date":"2025-01-25T04:00:00","date_gmt":"2025-01-25T03:00:00","guid":{"rendered":"https:\/\/www.aquasports.fr\/?post_type=product&#038;p=1447"},"modified":"2025-11-09T12:53:14","modified_gmt":"2025-11-09T11:53:14","slug":"formation-homme-de-pont","status":"publish","type":"product","link":"https:\/\/www.aquasports.fr\/index.php\/produit\/formation-homme-de-pont\/","title":{"rendered":"Formation Homme de Pont"},"content":{"rendered":"<p style=\"font-weight: 400;\">Conform\u00e9ment \u00e0 l\u2019arr\u00eat\u00e9 du 27 avril 2022 relatif aux qualifications des \u00e9quipages et \u00e0 la conduite des bateaux de commerce en navigation int\u00e9rieure, la formation Homme de Pont par un organisme agr\u00e9\u00e9 permet la d\u00e9livrance d\u2019une attestation de suivi, qui valide les connaissances th\u00e9oriques et pratiques requises pour le personnel de pont des bateaux de commerce et de tourisme \u00e0 passagers en situation de navigation fluviale.<\/p>\n<ul style=\"font-weight: 400;\">\n<li>L\u2019utilisation des moyens de sauvetage pour la pr\u00e9vention de la noyade<\/li>\n<li>L\u2019environnement de travail particulier \u00e0 bord du b\u00e2timent<\/li>\n<li>La lutte contre l\u2018incendie \u00e0 bord du b\u00e2timent<\/li>\n<li>Les dangers li\u00e9s au bruit \u00e0 bord<\/li>\n<li>La manipulation de mati\u00e8res dangereuses \u00e0 bord du b\u00e2timent<\/li>\n<li>Les mesures de base lors des premiers secours<\/li>\n<\/ul>\n<p style=\"font-weight: 400;\">&#8211; Dur\u00e9e\u00a0de la formation : 3 jours (21 heures)<\/p>\n<p style=\"font-weight: 400;\">Validit\u00e9 de l\u2019inscription : Le candidat dispose d\u2019un d\u00e9lai <b>de 12 mois<\/b> pour effectuer sa formation \u00e0 compter de la commande en ligne.<\/p>\n<p style=\"font-weight: 400;\">&#8211; Pr\u00e9requis\u00a0: \u00eatre \u00e2g\u00e9 d\u2019au moins 16 ans\u00a0; aptitude m\u00e9dicale, conform\u00e9ment aux exigences l&rsquo;annexe I de la directive (UE) 2017\/2397<\/p>\n<p style=\"font-weight: 400;\">&#8211; Tarif TTC\u00a0: 720 \u20ac TTC (formation non \u00e9ligible au CPF)<\/p>\n","protected":false},"excerpt":{"rendered":"<p>Conform\u00e9ment \u00e0 l\u2019arr\u00eat\u00e9 du 27 avril 2022 relatif aux qualifications des \u00e9quipages et \u00e0 la conduite des bateaux de commerce en navigation int\u00e9rieure, la formation Homme de Pont par un organisme agr\u00e9\u00e9 permet la d\u00e9livrance d\u2019une attestation de suivi, qui valide les connaissances th\u00e9oriques et pratiques requises pour le personnel de pont des bateaux de [&hellip;]<\/p>\n","protected":false},"featured_media":1448,"template":"","meta":[],"product_brand":[],"product_cat":[63],"product_tag":[],"class_list":{"0":"post-1447","1":"product","2":"type-product","3":"status-publish","4":"has-post-thumbnail","6":"product_cat-formation","8":"first","9":"instock","10":"taxable","11":"shipping-taxable","12":"purchasable","13":"product-type-simple"},"_links":{"self":[{"href":"https:\/\/www.aquasports.fr\/index.php\/wp-json\/wp\/v2\/product\/1447","targetHints":{"allow":["GET"]}}],"collection":[{"href":"https:\/\/www.aquasports.fr\/index.php\/wp-json\/wp\/v2\/product"}],"about":[{"href":"https:\/\/www.aquasports.fr\/index.php\/wp-json\/wp\/v2\/types\/product"}],"wp:featuredmedia":[{"embeddable":true,"href":"https:\/\/www.aquasports.fr\/index.php\/wp-json\/wp\/v2\/media\/1448"}],"wp:attachment":[{"href":"https:\/\/www.aquasports.fr\/index.php\/wp-json\/wp\/v2\/media?parent=1447"}],"wp:term":[{"taxonomy":"product_brand","embeddable":true,"href":"https:\/\/www.aquasports.fr\/index.php\/wp-json\/wp\/v2\/product_brand?post=1447"},{"taxonomy":"product_cat","embeddable":true,"href":"https:\/\/www.aquasports.fr\/index.php\/wp-json\/wp\/v2\/product_cat?post=1447"},{"taxonomy":"product_tag","embeddable":true,"href":"https:\/\/www.aquasports.fr\/index.php\/wp-json\/wp\/v2\/product_tag?post=1447"}],"curies":[{"name":"wp","href":"https:\/\/api.w.org\/{rel}","templated":true}]}}