{"id":1479,"date":"2025-01-05T11:58:13","date_gmt":"2025-01-05T10:58:13","guid":{"rendered":"https:\/\/www.aquasports.fr\/?post_type=product&#038;p=1479"},"modified":"2025-05-29T21:19:19","modified_gmt":"2025-05-29T19:19:19","slug":"cours-de-remise-a-niveau-pratique-pour-la-formation-pratique","status":"publish","type":"product","link":"https:\/\/www.aquasports.fr\/index.php\/produit\/cours-de-remise-a-niveau-pratique-pour-la-formation-pratique\/","title":{"rendered":"Cours de remise \u00e0 niveau pour la formation pratique"},"content":{"rendered":"<p>Cours de remise \u00e0 niveaux tous permis.<\/p>\n<p class=\"p1\"><b>Formation pratique :<\/b><br \/>\nOption c\u00f4ti\u00e8re ou option eaux int\u00e9rieures 90 \u20ac l&rsquo;heure<\/p>\n<p>&nbsp;<\/p>\n","protected":false},"excerpt":{"rendered":"<p>Cours de remise \u00e0 niveaux tous permis.<br \/>\n<strong>Formation pratique :<\/strong><br \/>\nOption c\u00f4ti\u00e8re ou option eaux int\u00e9rieures 90 \u20ac l&rsquo;heure<\/p>\n","protected":false},"featured_media":1214,"template":"","meta":[],"product_brand":[],"product_cat":[61],"product_tag":[],"class_list":{"0":"post-1479","1":"product","2":"type-product","3":"status-publish","4":"has-post-thumbnail","6":"product_cat-cours-de-remise-a-niveau","8":"first","9":"instock","10":"taxable","11":"shipping-taxable","12":"purchasable","13":"product-type-simple"},"_links":{"self":[{"href":"https:\/\/www.aquasports.fr\/index.php\/wp-json\/wp\/v2\/product\/1479","targetHints":{"allow":["GET"]}}],"collection":[{"href":"https:\/\/www.aquasports.fr\/index.php\/wp-json\/wp\/v2\/product"}],"about":[{"href":"https:\/\/www.aquasports.fr\/index.php\/wp-json\/wp\/v2\/types\/product"}],"wp:featuredmedia":[{"embeddable":true,"href":"https:\/\/www.aquasports.fr\/index.php\/wp-json\/wp\/v2\/media\/1214"}],"wp:attachment":[{"href":"https:\/\/www.aquasports.fr\/index.php\/wp-json\/wp\/v2\/media?parent=1479"}],"wp:term":[{"taxonomy":"product_brand","embeddable":true,"href":"https:\/\/www.aquasports.fr\/index.php\/wp-json\/wp\/v2\/product_brand?post=1479"},{"taxonomy":"product_cat","embeddable":true,"href":"https:\/\/www.aquasports.fr\/index.php\/wp-json\/wp\/v2\/product_cat?post=1479"},{"taxonomy":"product_tag","embeddable":true,"href":"https:\/\/www.aquasports.fr\/index.php\/wp-json\/wp\/v2\/product_tag?post=1479"}],"curies":[{"name":"wp","href":"https:\/\/api.w.org\/{rel}","templated":true}]}}